{"id":2,"date":"2015-09-16T21:10:36","date_gmt":"2015-09-16T18:10:36","guid":{"rendered":"http:\/\/mutfaginisev.com\/?page_id=2"},"modified":"2016-08-11T13:19:14","modified_gmt":"2016-08-11T11:19:14","slug":"about","status":"publish","type":"page","link":"http:\/\/mutfaginisev.com\/en\/about\/","title":{"rendered":"Z with Love"},"content":{"rendered":"<p style=\"line-height: 18.0pt;\"><a href=\"http:\/\/mutfaginisev.com\/wp-content\/uploads\/2015\/09\/ZAcircular.jpg\"><img decoding=\"async\" loading=\"lazy\" class=\"alignleft wp-image-218 size-medium\" src=\"http:\/\/mutfaginisev.com\/wp-content\/uploads\/2015\/09\/ZAcircular-300x300.jpg\" alt=\"\" width=\"300\" height=\"300\" srcset=\"http:\/\/mutfaginisev.com\/wp-content\/uploads\/2015\/09\/ZAcircular-300x300.jpg 300w, http:\/\/mutfaginisev.com\/wp-content\/uploads\/2015\/09\/ZAcircular-150x150.jpg 150w, http:\/\/mutfaginisev.com\/wp-content\/uploads\/2015\/09\/ZAcircular.jpg 799w\" sizes=\"(max-width: 300px) 100vw, 300px\" \/><\/a><a href=\"http:\/\/www.remzi.com.tr\/kitap\/all-sports-cafeden-sevgiyle\" target=\"_blank\"><img decoding=\"async\" loading=\"lazy\" class=\"alignright wp-image-24 size-medium\" src=\"http:\/\/mutfaginisev.com\/wp-content\/uploads\/2015\/09\/ASC-3D-191x300.jpg\" alt=\"ASC 3D\" width=\"191\" height=\"300\" srcset=\"http:\/\/mutfaginisev.com\/wp-content\/uploads\/2015\/09\/ASC-3D-191x300.jpg 191w, http:\/\/mutfaginisev.com\/wp-content\/uploads\/2015\/09\/ASC-3D.jpg 298w\" sizes=\"(max-width: 191px) 100vw, 191px\" \/><\/a><\/p>\n<p style=\"line-height: 18.0pt;\">I love exploring, trying new recipes, creating from zilch, \"so I made\"s, disrupting flavors, experiencing gastronomic orgasms, in short every aspect of the Food World.<\/p>\n<p style=\"line-height: 18.0pt;\">My book,  All Sports Cafe'den Sevgiyle 99 Tarif, including 99 recipes was published in January 2010 by Remzi Kitabevi.<\/p>\n<p style=\"line-height: 18.0pt;\">21 years (January 1994 to November 2014) of experience and knowledge I acquired by being an All Sports Cafe partner, member of the management team and acting as the executive chef, enrich my home kitchen now.<\/p>\n<blockquote>\n<p style=\"line-height: 18pt; text-align: left;\">Benim mutfa\u011f\u0131mda pi\u015fenleri payla\u015farak size mutfa\u011f\u0131n\u0131z\u0131 sevdirmek niyetindeyim. \ud83d\ude42<\/p>\n<\/blockquote>\n<p style=\"line-height: 18.0pt;\">zehra@mutfaginisev.com<\/p>","protected":false},"excerpt":{"rendered":"<p>Ara\u015ft\u0131rmay\u0131, yeni tarifler denemeyi, malzemeleri yoktan varetmeyi, ben yapt\u0131m oldu&#8217;lar\u0131, a\u011fz\u0131m\u0131n tad\u0131n\u0131 bozmay\u0131, gastronomik orgazmlar ya\u015famay\u0131, k\u0131sacas\u0131 her y\u00f6n\u00fcyle yemek d\u00fcnyas\u0131n\u0131 \u00e7ok seviyorum. All Sports Cafe&#8217;den Sevgiyle 99 Tarif kitab\u0131m Ocak 2010&#8217;da Remzi Kitabevi&#8217;nden \u00e7\u0131kt\u0131. Ocak 1994 \u2013 Kas\u0131m 2014 aras\u0131ndaki 21 y\u0131ll\u0131k All Sports Cafe ortakl\u0131\u011f\u0131, i\u015fletmecili\u011fi ve executive \u015fefli\u011fi ile kazand\u0131\u011f\u0131m deneyim ve [&hellip;]<\/p>","protected":false},"author":1,"featured_media":0,"parent":0,"menu_order":0,"comment_status":"open","ping_status":"open","template":"fullpage.php","meta":[],"_links":{"self":[{"href":"http:\/\/mutfaginisev.com\/en\/wp-json\/wp\/v2\/pages\/2"}],"collection":[{"href":"http:\/\/mutfaginisev.com\/en\/wp-json\/wp\/v2\/pages"}],"about":[{"href":"http:\/\/mutfaginisev.com\/en\/wp-json\/wp\/v2\/types\/page"}],"author":[{"embeddable":true,"href":"http:\/\/mutfaginisev.com\/en\/wp-json\/wp\/v2\/users\/1"}],"replies":[{"embeddable":true,"href":"http:\/\/mutfaginisev.com\/en\/wp-json\/wp\/v2\/comments?post=2"}],"version-history":[{"count":19,"href":"http:\/\/mutfaginisev.com\/en\/wp-json\/wp\/v2\/pages\/2\/revisions"}],"predecessor-version":[{"id":396,"href":"http:\/\/mutfaginisev.com\/en\/wp-json\/wp\/v2\/pages\/2\/revisions\/396"}],"wp:attachment":[{"href":"http:\/\/mutfaginisev.com\/en\/wp-json\/wp\/v2\/media?parent=2"}],"curies":[{"name":"wp","href":"https:\/\/api.w.org\/{rel}","templated":true}]}}